{"id":1236,"date":"2023-10-02T15:28:05","date_gmt":"2023-10-02T18:28:05","guid":{"rendered":"https:\/\/awmallev.com.br\/novo\/?page_id=1236"},"modified":"2023-11-16T11:00:14","modified_gmt":"2023-11-16T14:00:14","slug":"projetos","status":"publish","type":"page","link":"https:\/\/awmallev.com.br\/index.php\/projetos\/","title":{"rendered":"Projetos"},"content":{"rendered":"\t\t<div data-elementor-type=\"wp-page\" data-elementor-id=\"1236\" class=\"elementor elementor-1236\" data-elementor-post-type=\"page\">\n\t\t\t\t<div class=\"elementor-element elementor-element-352b9217 e-con-full e-flex e-con e-parent\" data-id=\"352b9217\" data-element_type=\"container\">\n\t\t\t\t<div class=\"elementor-element elementor-element-76210ada elementor-widget elementor-widget-bdt-advanced-heading\" data-id=\"76210ada\" data-element_type=\"widget\" data-widget_type=\"bdt-advanced-heading.default\">\n\t\t\t\t<div class=\"elementor-widget-container\">\n\t\t\t\t\t<div id =\"76210ada\" class=\"bdt-ep-advanced-heading\" data-settings=\"{&quot;titleMultiColor&quot;:&quot;no&quot;}\"><div class=\"bdt-ep-advanced-heading-content bdt-visible@m\"><div class=\"bdt-transform-origin-top-left\">awmallev<\/div><\/div><div class=\"bdt-ep-advanced-heading-sub-title\"><div class=\"bdt-ep-advanced-heading-sub-title-content\">Projeto<\/div><\/div> <h2 class=\"bdt-ep-advanced-heading-title\"><span class=\"bdt-ep-advanced-heading-main-title\"><span class=\"bdt-ep-advanced-heading-main-title-inner\">Awmallev Mata Atl\u00e2ntica<\/span><\/span><\/h2><\/div>\t\t\t\t<\/div>\n\t\t\t\t<\/div>\n\t\t\t\t<\/div>\n\t\t<section class=\"elementor-element elementor-element-4b94987f e-con-full e-flex e-con e-parent\" data-id=\"4b94987f\" data-element_type=\"container\" data-settings=\"{&quot;background_background&quot;:&quot;classic&quot;,&quot;shape_divider_top&quot;:&quot;waves&quot;,&quot;background_motion_fx_motion_fx_scrolling&quot;:&quot;yes&quot;,&quot;background_motion_fx_translateY_effect&quot;:&quot;yes&quot;,&quot;shape_divider_bottom&quot;:&quot;waves&quot;,&quot;background_motion_fx_translateY_speed&quot;:{&quot;unit&quot;:&quot;px&quot;,&quot;size&quot;:4,&quot;sizes&quot;:[]},&quot;background_motion_fx_translateY_affectedRange&quot;:{&quot;unit&quot;:&quot;%&quot;,&quot;size&quot;:&quot;&quot;,&quot;sizes&quot;:{&quot;start&quot;:0,&quot;end&quot;:100}},&quot;background_motion_fx_devices&quot;:[&quot;desktop&quot;,&quot;tablet&quot;,&quot;mobile&quot;]}\">\n\t\t\t\t<div class=\"elementor-shape elementor-shape-top\" aria-hidden=\"true\" data-negative=\"false\">\n\t\t\t<svg xmlns=\"http:\/\/www.w3.org\/2000\/svg\" viewBox=\"0 0 1000 100\" preserveAspectRatio=\"none\">\n\t<path class=\"elementor-shape-fill\" d=\"M421.9,6.5c22.6-2.5,51.5,0.4,75.5,5.3c23.6,4.9,70.9,23.5,100.5,35.7c75.8,32.2,133.7,44.5,192.6,49.7\n\tc23.6,2.1,48.7,3.5,103.4-2.5c54.7-6,106.2-25.6,106.2-25.6V0H0v30.3c0,0,72,32.6,158.4,30.5c39.2-0.7,92.8-6.7,134-22.4\n\tc21.2-8.1,52.2-18.2,79.7-24.2C399.3,7.9,411.6,7.5,421.9,6.5z\"\/>\n<\/svg>\t\t<\/div>\n\t\t\t\t<div class=\"elementor-shape elementor-shape-bottom\" aria-hidden=\"true\" data-negative=\"false\">\n\t\t\t<svg xmlns=\"http:\/\/www.w3.org\/2000\/svg\" viewBox=\"0 0 1000 100\" preserveAspectRatio=\"none\">\n\t<path class=\"elementor-shape-fill\" d=\"M421.9,6.5c22.6-2.5,51.5,0.4,75.5,5.3c23.6,4.9,70.9,23.5,100.5,35.7c75.8,32.2,133.7,44.5,192.6,49.7\n\tc23.6,2.1,48.7,3.5,103.4-2.5c54.7-6,106.2-25.6,106.2-25.6V0H0v30.3c0,0,72,32.6,158.4,30.5c39.2-0.7,92.8-6.7,134-22.4\n\tc21.2-8.1,52.2-18.2,79.7-24.2C399.3,7.9,411.6,7.5,421.9,6.5z\"\/>\n<\/svg>\t\t<\/div>\n\t\t<div class=\"elementor-element elementor-element-6106f782 e-flex e-con-boxed e-con e-child\" data-id=\"6106f782\" data-element_type=\"container\">\n\t\t\t\t\t<div class=\"e-con-inner\">\n\t\t<div class=\"elementor-element elementor-element-cc4e33 e-con-full e-flex e-con e-child\" data-id=\"cc4e33\" data-element_type=\"container\" data-settings=\"{&quot;background_background&quot;:&quot;classic&quot;}\">\n\t\t\t\t<div class=\"elementor-element elementor-element-ffb2b8b elementor-widget elementor-widget-text-editor\" data-id=\"ffb2b8b\" data-element_type=\"widget\" data-widget_type=\"text-editor.default\">\n\t\t\t\t<div class=\"elementor-widget-container\">\n\t\t\t\t\t\t\t\t\t<p>A Reserva Travessia, uma \u00e1rea de 320 hectares de Mata Atl\u00e2ntica localizada em Lavrinhas &#8211; SP (divisa com RJ e MG). O apoio da Awmallev t\u00eam como objetivo a preserva\u00e7\u00e3o da diversidade biol\u00f3gica, das paisagens not\u00e1veis e, subsidiariamente, de locais que apresentem elevado valor hist\u00f3rico, arqueol\u00f3gico, paleontol\u00f3gico e espeleol\u00f3gico.<\/p><p>No projeto Awmallev Mata Atl\u00e2ntica parte das vendas \u00e9 revertida para a prote\u00e7\u00e3o e preserva\u00e7\u00e3o da Reserva Travessia.<\/p><p>Acompanhe nossos canais de comunica\u00e7\u00e3o que em breve traremos mais informa\u00e7\u00f5es sobre a Reserva Travessia e todo o seu ecossistema.<\/p>\t\t\t\t\t\t\t\t<\/div>\n\t\t\t\t<\/div>\n\t\t\t\t<\/div>\n\t\t\t\t\t<\/div>\n\t\t\t\t<\/div>\n\t\t\t\t<\/section>\n\t\t\t\t<\/div>\n\t\t","protected":false},"excerpt":{"rendered":"<p>awmallevProjeto Awmallev Mata Atl\u00e2ntica A Reserva Travessia, uma \u00e1rea de 320 hectares de Mata Atl\u00e2ntica localizada em Lavrinhas &#8211; SP (divisa com RJ e MG). O apoio da Awmallev t\u00eam como objetivo a preserva\u00e7\u00e3o da diversidade biol\u00f3gica, das paisagens not\u00e1veis e, subsidiariamente, de locais que apresentem elevado valor hist\u00f3rico, arqueol\u00f3gico, paleontol\u00f3gico e espeleol\u00f3gico. No projeto [&hellip;]<\/p>\n","protected":false},"author":1,"featured_media":0,"parent":0,"menu_order":0,"comment_status":"closed","ping_status":"closed","template":"","meta":{"footnotes":""},"class_list":["post-1236","page","type-page","status-publish","hentry"],"_links":{"self":[{"href":"https:\/\/awmallev.com.br\/index.php\/wp-json\/wp\/v2\/pages\/1236","targetHints":{"allow":["GET"]}}],"collection":[{"href":"https:\/\/awmallev.com.br\/index.php\/wp-json\/wp\/v2\/pages"}],"about":[{"href":"https:\/\/awmallev.com.br\/index.php\/wp-json\/wp\/v2\/types\/page"}],"author":[{"embeddable":true,"href":"https:\/\/awmallev.com.br\/index.php\/wp-json\/wp\/v2\/users\/1"}],"replies":[{"embeddable":true,"href":"https:\/\/awmallev.com.br\/index.php\/wp-json\/wp\/v2\/comments?post=1236"}],"version-history":[{"count":28,"href":"https:\/\/awmallev.com.br\/index.php\/wp-json\/wp\/v2\/pages\/1236\/revisions"}],"predecessor-version":[{"id":1563,"href":"https:\/\/awmallev.com.br\/index.php\/wp-json\/wp\/v2\/pages\/1236\/revisions\/1563"}],"wp:attachment":[{"href":"https:\/\/awmallev.com.br\/index.php\/wp-json\/wp\/v2\/media?parent=1236"}],"curies":[{"name":"wp","href":"https:\/\/api.w.org\/{rel}","templated":true}]}}